{"id":792,"date":"2017-04-01T11:08:49","date_gmt":"2017-04-01T14:08:49","guid":{"rendered":"http:\/\/www.imulti.com.br\/?page_id=792"},"modified":"2020-11-14T16:00:17","modified_gmt":"2020-11-14T19:00:17","slug":"parceiro-solbridge","status":"publish","type":"page","link":"https:\/\/www.imulti.com.br\/site2016\/parceiro-solbridge\/","title":{"rendered":"Parceria Internacional"},"content":{"rendered":"<p><a href=\"http:\/\/www.imulti.com.br\/site2016\/wp-content\/uploads\/2017\/04\/solbridge-logo-610x300-1.jpg\" rel=\"attachment wp-att-795\"><img loading=\"lazy\" data-id=\"795\" src=\"http:\/\/www.imulti.com.br\/site2016\/wp-content\/uploads\/2017\/04\/solbridge-logo-610x300-1.jpg\" alt=\"solbridge-logo-610x300\" class=\"alignnone wp-image-795\" width=\"396\" height=\"195\" srcset=\"https:\/\/www.imulti.com.br\/site2016\/wp-content\/uploads\/2017\/04\/solbridge-logo-610x300-1.jpg 610w, https:\/\/www.imulti.com.br\/site2016\/wp-content\/uploads\/2017\/04\/solbridge-logo-610x300-1-300x148.jpg 300w, https:\/\/www.imulti.com.br\/site2016\/wp-content\/uploads\/2017\/04\/solbridge-logo-610x300-1-112x55.jpg 112w, https:\/\/www.imulti.com.br\/site2016\/wp-content\/uploads\/2017\/04\/solbridge-logo-610x300-1-470x231.jpg 470w\" sizes=\"(max-width: 396px) 100vw, 396px\" \/><img loading=\"lazy\" src=\"http:\/\/sis.ac.kr\/site\/sischool\/images\/SolInternationalSchoolLogo.png\" alt=\"EndicottCollege\" class=\"img-responsive\" width=\"331\" height=\"111\" \/><img loading=\"lazy\" class=\"spotlight\" alt=\"Nenhuma descri\u00e7\u00e3o de foto dispon\u00edvel.\" aria-busy=\"false\" src=\"https:\/\/scontent.fcgh4-1.fna.fbcdn.net\/v\/t1.0-9\/17903340_740888659417298_6555034619946729364_n.png?_nc_cat=103&amp;ccb=2&amp;_nc_sid=7aed08&amp;_nc_ohc=qrJmlOBKttgAX-ZHqo9&amp;_nc_ht=scontent.fcgh4-1.fna&amp;oh=865072f7a12faa66ad305c2c3fd5213f&amp;oe=5FD6AF7A\" width=\"170\" height=\"170\" \/><\/a>Endicott College<\/p>\n<p>O IMULTI tem parceria com a &#8220;SOLBRIDGE &#8211; International School of Bussiness&#8221;, o &#8220;SIS &#8211; Sol International School&#8221; e o &#8220;Endicott College of International Studies&#8221;, que fazem parte da Woosong Education Foundation.<\/p>\n<p>A SOLBRIDGE, o SIS e o Endecott College est\u00e3o localizados em Daejeon, Cor\u00e9ia do Sul, a 1 hora de trem de Seul.<\/p>\n<p>A cidade de Daejeon \u00e9 considerada o &#8220;Vale do Sil\u00edcio&#8221; da Cor\u00e9ia. S\u00e3o mais de 900 empresas de tecnologia de ponta e 60 institui\u00e7\u00f5es educacionais privadas, p\u00fablicas e centros de pesquisas corporativos. Mais de 7.500 pesquisadores com doutorado trabalham em empresas na cidade.<\/p>\n<p><a href=\"http:\/\/www.imulti.com.br\/site2016\/wp-content\/uploads\/2017\/04\/Daejeon.jpg\" rel=\"attachment wp-att-796\"><img loading=\"lazy\" data-id=\"796\" src=\"http:\/\/www.imulti.com.br\/site2016\/wp-content\/uploads\/2017\/04\/Daejeon.jpg\" alt=\"Daejeon\" class=\"alignnone size-full wp-image-796\" width=\"1260\" height=\"430\" srcset=\"https:\/\/www.imulti.com.br\/site2016\/wp-content\/uploads\/2017\/04\/Daejeon.jpg 1260w, https:\/\/www.imulti.com.br\/site2016\/wp-content\/uploads\/2017\/04\/Daejeon-300x102.jpg 300w, https:\/\/www.imulti.com.br\/site2016\/wp-content\/uploads\/2017\/04\/Daejeon-768x262.jpg 768w, https:\/\/www.imulti.com.br\/site2016\/wp-content\/uploads\/2017\/04\/Daejeon-1024x349.jpg 1024w, https:\/\/www.imulti.com.br\/site2016\/wp-content\/uploads\/2017\/04\/Daejeon-161x55.jpg 161w, https:\/\/www.imulti.com.br\/site2016\/wp-content\/uploads\/2017\/04\/Daejeon-470x160.jpg 470w\" sizes=\"(max-width: 1260px) 100vw, 1260px\" \/><\/a><\/p>\n<p>Na SOLBRIDGE cerca de 80% dos professores s\u00e3o estrangeiros e mais de 90% tem Doutorado (Ph. D). Mais de 70% dos alunos tamb\u00e9m s\u00e3o estrangeiros de 64 diferentes nacionalidades.<\/p>\n<p>Em maio de 2014 a SOLBRIDGE recebeu a certifica\u00e7\u00e3o da AACSB (Association to Advance Collegiate Schools of Business), uma das mais importantes associa\u00e7\u00f5es de escolas de neg\u00f3cios do mundo. O selo de certifica\u00e7\u00e3o da AACSB tem grande valor para a reputa\u00e7\u00e3o e \u00e9 de extrema relev\u00e2ncia em um ambiente cada vez mais globalizado. Menos de 5% das escolas de neg\u00f3cios do mundo conquistaram esse reconhecimento.<\/p>\n<p>No ano de 2016 foi a vencedora do &#8220;AACSB 2016 Innovations That Inspire Award&#8221;, que atesta o reconhecimento por seu impressionante compromisso com o engajamento, inova\u00e7\u00e3o e impacto.<\/p>\n<p>Al\u00e9m de ser reconhecida como a cidade da ci\u00eancia e educa\u00e7\u00e3o, Daejeon est\u00e1 cercada por belas florestas, montanhas, lagos, in\u00fameros parques, galerias de arte, museus e instala\u00e7\u00f5es esportivas, o que proporciona um equil\u00edbrio saud\u00e1vel entre neg\u00f3cios e uma harmonia ambiental. Uma variedade de servi\u00e7os eficientes de transporte tamb\u00e9m est\u00e1 dispon\u00edvel, facilitando o deslocamento na cidade.<\/p>\n<p>S\u00e3o oferecidos o curso de BBA (Gradua\u00e7\u00e3o em Administra\u00e7\u00e3o de Empresas com especializa\u00e7\u00e3o em Marketing, Finan\u00e7as ou Administra\u00e7\u00e3o Internacional) em 04 anos e MBA em 02 anos.<\/p>\n<p><a href=\"http:\/\/www.imulti.com.br\/site2016\/wp-content\/uploads\/2017\/04\/Solbridge.jpg\" rel=\"attachment wp-att-797\"><img loading=\"lazy\" data-id=\"797\" src=\"http:\/\/www.imulti.com.br\/site2016\/wp-content\/uploads\/2017\/04\/Solbridge.jpg\" alt=\"Solbridge\" class=\"alignnone size-full wp-image-797\" width=\"1140\" height=\"392\" srcset=\"https:\/\/www.imulti.com.br\/site2016\/wp-content\/uploads\/2017\/04\/Solbridge.jpg 1140w, https:\/\/www.imulti.com.br\/site2016\/wp-content\/uploads\/2017\/04\/Solbridge-300x103.jpg 300w, https:\/\/www.imulti.com.br\/site2016\/wp-content\/uploads\/2017\/04\/Solbridge-768x264.jpg 768w, https:\/\/www.imulti.com.br\/site2016\/wp-content\/uploads\/2017\/04\/Solbridge-1024x352.jpg 1024w, https:\/\/www.imulti.com.br\/site2016\/wp-content\/uploads\/2017\/04\/Solbridge-160x55.jpg 160w, https:\/\/www.imulti.com.br\/site2016\/wp-content\/uploads\/2017\/04\/Solbridge-470x162.jpg 470w\" sizes=\"(max-width: 1140px) 100vw, 1140px\" \/><\/a><\/p>\n<p>As aulas s\u00e3o ministradas totalmente em ingl\u00eas, com possibilidade de aulas de l\u00edngua coreana e l\u00edngua chinesa.<\/p>\n<p>O aluno pode aproveitar para estudar nas f\u00e9rias e terminar o curso de Gradua\u00e7\u00e3o em 03 anos e meio.<\/p>\n<p>O semestre tem a dura\u00e7\u00e3o de 15 semanas de aulas, iniciando em setembro at\u00e9 o dezembro.<\/p>\n<p>As inscri\u00e7\u00f5es e o processo de sele\u00e7\u00e3o iniciam em abril.<\/p>\n<p>As informa\u00e7\u00f5es sobre valores e estrutura\u00e7\u00e3o dos cursos est\u00e3o dispon\u00edveis no site: www.solbridge.ac.kr<\/p>\n<p>Os alunos do IMULTI interessados poder\u00e3o obter bolsa de estudo de 30% a 70% e isen\u00e7\u00e3o total de taxa de matr\u00edcula. Informe-se atrav\u00e9s dos e-mails: imulti@imulti.com.br ou coimbra@solbridge.ac.kr<\/p>\n<p>Veja abaixo o depoimento do aluno Marcos Brunelli Kornfeld de S\u00e3o Paulo\/SP:<\/p>\n<p><iframe loading=\"lazy\" width=\"420\" height=\"420\" src=\"\/\/www.youtube.com\/embed\/A1H72jEE4bU\" allowfullscreen=\"allowfullscreen\"><\/iframe><\/p>\n<p>&nbsp;<\/p>\n<p><img loading=\"lazy\" src=\"http:\/\/sis.ac.kr\/site\/sischool\/images\/SolInternationalSchoolLogo.png\" alt=\"EndicottCollege\" class=\"img-responsive\" width=\"277\" height=\"93\" \/>A SIS (Sol International School) <span lang=\"pt\">oferece um curso de bacharelado de quatro anos que prepara os alunos para o emprego imediato ap\u00f3s a formatura. Os cursos de gradua\u00e7\u00e3o oferecidos s\u00e3o EDUCA\u00c7\u00c3O GERAL (o<span class=\"VIiyi\" jsaction=\"mouseup:BR6jm\" jsname=\"jqKxS\" lang=\"pt\"><span jsaction=\"agoMJf:PFBcW;usxOmf:aWLT7;jhKsnd:P7O7bd,F8DmGf;Q4AGo:Gm7gYd,qAKMYb;uFUCPb:pvnm0e,pfE8Hb,PFBcW;f56efd:dJXsye;EnoYf:KNzws,ZJsZZ,JgVSJc;zdMJQc:cCQNKb,ZJsZZ,zchEXc;Ytrrj:JJDvdc;tNR8yc:GeFvjb;oFN6Ye:hij5Wb\" jscontroller=\"Zl5N8\" jsmodel=\"SsMkhd\" jsname=\"txFAF\" class=\"JLqJ4b ChMk0b\" data-language-for-alternatives=\"pt\" data-language-to-translate-into=\"auto\" data-phrase-index=\"0\" jsdata=\"uqLsIf;_;$30\"><span jsaction=\"click:qtZ4nf,GFf3ac,tMZCfe; mousedown:evWYGf,niacOc; mouseout:Nqw7Te; mouseover:qtZ4nf,c2aHje\" jsname=\"W297wb\"> Programa de Educa\u00e7\u00e3o Geral ajuda os alunos a construirem uma base s\u00f3lida em ingl\u00eas com foco nas habilidades acad\u00eamicas e profissionais. Os estudos tamb\u00e9m se estendem aos idiomas Coreano, Chin\u00eas, Espanhol, Franc\u00eas e Japon\u00eas),<\/span><\/span><\/span> GEST\u00c3O DE HOSPITALIDADE \/ HOTELARIA (e<span class=\"VIiyi\" jsaction=\"mouseup:BR6jm\" jsname=\"jqKxS\" lang=\"pt\"><span jsaction=\"agoMJf:PFBcW;usxOmf:aWLT7;jhKsnd:P7O7bd,F8DmGf;Q4AGo:Gm7gYd,qAKMYb;uFUCPb:pvnm0e,pfE8Hb,PFBcW;f56efd:dJXsye;EnoYf:KNzws,ZJsZZ,JgVSJc;zdMJQc:cCQNKb,ZJsZZ,zchEXc;Ytrrj:JJDvdc;tNR8yc:GeFvjb;oFN6Ye:hij5Wb\" jscontroller=\"Zl5N8\" jsmodel=\"SsMkhd\" jsname=\"txFAF\" class=\"JLqJ4b ChMk0b\" data-language-for-alternatives=\"pt\" data-language-to-translate-into=\"auto\" data-phrase-index=\"0\" jsdata=\"uqLsIf;_;$37\"><span jsaction=\"click:qtZ4nf,GFf3ac,tMZCfe; mousedown:evWYGf,niacOc; mouseout:Nqw7Te; mouseover:qtZ4nf,c2aHje\" jsname=\"W297wb\">ducando l\u00edderes de gest\u00e3o de hotelaria com experi\u00eancia pr\u00e1tica internacional)<\/span><\/span><\/span>, ARTES CULIN\u00c1RIAS \/ GASTRONOMIA (<span class=\"VIiyi\" jsaction=\"mouseup:BR6jm\" jsname=\"jqKxS\" lang=\"pt\"><span jsaction=\"agoMJf:PFBcW;usxOmf:aWLT7;jhKsnd:P7O7bd,F8DmGf;Q4AGo:Gm7gYd,qAKMYb;uFUCPb:pvnm0e,pfE8Hb,PFBcW;f56efd:dJXsye;EnoYf:KNzws,ZJsZZ,JgVSJc;zdMJQc:cCQNKb,ZJsZZ,zchEXc;Ytrrj:JJDvdc;tNR8yc:GeFvjb;oFN6Ye:hij5Wb\" jscontroller=\"Zl5N8\" jsmodel=\"SsMkhd\" jsname=\"txFAF\" class=\"JLqJ4b ChMk0b\" data-language-for-alternatives=\"pt\" data-language-to-translate-into=\"auto\" data-phrase-index=\"0\" jsdata=\"uqLsIf;_;$41\"><span jsaction=\"click:qtZ4nf,GFf3ac,tMZCfe; mousedown:evWYGf,niacOc; mouseout:Nqw7Te; mouseover:qtZ4nf,c2aHje\" jsname=\"W297wb\">Centro Asi\u00e1tico de Excel\u00eancia em Educa\u00e7\u00e3o Culin\u00e1ria Global \/ INSTITUTO PAUL BOCUSE<\/span><\/span><\/span>), ARTES DE M\u00cdDIA E COMUNICA\u00c7\u00c3O (e<span class=\"VIiyi\" jsaction=\"mouseup:BR6jm\" jsname=\"jqKxS\" lang=\"pt\"><span jsaction=\"agoMJf:PFBcW;usxOmf:aWLT7;jhKsnd:P7O7bd,F8DmGf;Q4AGo:Gm7gYd,qAKMYb;uFUCPb:pvnm0e,pfE8Hb,PFBcW;f56efd:dJXsye;EnoYf:KNzws,ZJsZZ,JgVSJc;zdMJQc:cCQNKb,ZJsZZ,zchEXc;Ytrrj:JJDvdc;tNR8yc:GeFvjb;oFN6Ye:hij5Wb\" jscontroller=\"Zl5N8\" jsmodel=\"SsMkhd\" jsname=\"txFAF\" class=\"JLqJ4b ChMk0b\" data-language-for-alternatives=\"pt\" data-language-to-translate-into=\"auto\" data-phrase-index=\"0\" jsdata=\"uqLsIf;_;$45\"><span jsaction=\"click:qtZ4nf,GFf3ac,tMZCfe; mousedown:evWYGf,niacOc; mouseout:Nqw7Te; mouseover:qtZ4nf,c2aHje\" jsname=\"W297wb\">ducando especialistas globais em m\u00eddia digital)<\/span><\/span><\/span>, GEST\u00c3O GLOBAL DE FERROVIAS E TRANSPORTES (c<span class=\"VIiyi\" jsaction=\"mouseup:BR6jm\" jsname=\"jqKxS\" lang=\"pt\"><span jsaction=\"agoMJf:PFBcW;usxOmf:aWLT7;jhKsnd:P7O7bd,F8DmGf;Q4AGo:Gm7gYd,qAKMYb;uFUCPb:pvnm0e,pfE8Hb,PFBcW;f56efd:dJXsye;EnoYf:KNzws,ZJsZZ,JgVSJc;zdMJQc:cCQNKb,ZJsZZ,zchEXc;Ytrrj:JJDvdc;tNR8yc:GeFvjb;oFN6Ye:hij5Wb\" jscontroller=\"Zl5N8\" jsmodel=\"SsMkhd\" jsname=\"txFAF\" class=\"JLqJ4b ChMk0b\" data-language-for-alternatives=\"pt\" data-language-to-translate-into=\"auto\" data-phrase-index=\"0\" jsdata=\"uqLsIf;_;$49\"><span jsaction=\"click:qtZ4nf,GFf3ac,tMZCfe; mousedown:evWYGf,niacOc; mouseout:Nqw7Te; mouseover:qtZ4nf,c2aHje\" jsname=\"W297wb\">ultivando especialistas internacionais em ferrovias com perspectivas globais)<\/span><\/span><\/span>, <span class=\"VIiyi\" jsaction=\"mouseup:BR6jm\" jsname=\"jqKxS\" lang=\"pt\"><span jsaction=\"agoMJf:PFBcW;usxOmf:aWLT7;jhKsnd:P7O7bd,F8DmGf;Q4AGo:Gm7gYd,qAKMYb;uFUCPb:pvnm0e,pfE8Hb,PFBcW;f56efd:dJXsye;EnoYf:KNzws,ZJsZZ,JgVSJc;zdMJQc:cCQNKb,ZJsZZ,zchEXc;Ytrrj:JJDvdc;tNR8yc:GeFvjb;oFN6Ye:hij5Wb\" jscontroller=\"Zl5N8\" jsmodel=\"SsMkhd\" jsname=\"txFAF\" class=\"JLqJ4b ChMk0b\" data-language-for-alternatives=\"pt\" data-language-to-translate-into=\"auto\" data-phrase-index=\"0\" jsdata=\"uqLsIf;_;$51\"><span jsaction=\"click:qtZ4nf,GFf3ac,tMZCfe; mousedown:evWYGf,niacOc; mouseout:Nqw7Te; mouseover:qtZ4nf,c2aHje\" jsname=\"W297wb\">GEST\u00c3O DE RESTAURANTES E EMPREENDEDORISMO.<\/span><\/span><\/span><br \/>\n<\/span><\/p>\n<p>Os cursos de Mestrado oferecidos s\u00e3o os seguintes: <span class=\"VIiyi\" jsaction=\"mouseup:BR6jm\" jsname=\"jqKxS\" lang=\"pt\"><span jsaction=\"agoMJf:PFBcW;usxOmf:aWLT7;jhKsnd:P7O7bd,F8DmGf;Q4AGo:Gm7gYd,qAKMYb;uFUCPb:pvnm0e,pfE8Hb,PFBcW;f56efd:dJXsye;EnoYf:KNzws,ZJsZZ,JgVSJc;zdMJQc:cCQNKb,ZJsZZ,zchEXc;Ytrrj:JJDvdc;tNR8yc:GeFvjb;oFN6Ye:hij5Wb\" jscontroller=\"Zl5N8\" jsmodel=\"SsMkhd\" jsname=\"txFAF\" class=\"JLqJ4b ChMk0b\" data-language-for-alternatives=\"pt\" data-language-to-translate-into=\"auto\" data-phrase-index=\"0\" jsdata=\"uqLsIf;_;$53\"><span jsaction=\"click:qtZ4nf,GFf3ac,tMZCfe; mousedown:evWYGf,niacOc; mouseout:Nqw7Te; mouseover:qtZ4nf,c2aHje\" jsname=\"W297wb\">MESTRE EM CI\u00caNCIAS DE GEST\u00c3O HOTELEIRA e <span jsaction=\"agoMJf:PFBcW;usxOmf:aWLT7;jhKsnd:P7O7bd,F8DmGf;Q4AGo:Gm7gYd,qAKMYb;uFUCPb:pvnm0e,pfE8Hb,PFBcW;f56efd:dJXsye;EnoYf:KNzws,ZJsZZ,JgVSJc;zdMJQc:cCQNKb,ZJsZZ,zchEXc;Ytrrj:JJDvdc;tNR8yc:GeFvjb;oFN6Ye:hij5Wb\" jscontroller=\"Zl5N8\" jsmodel=\"SsMkhd\" jsname=\"txFAF\" class=\"JLqJ4b ChMk0b\" data-language-for-alternatives=\"pt\" data-language-to-translate-into=\"auto\" data-phrase-index=\"0\" jsdata=\"uqLsIf;_;$55\">MESTRE EM CI\u00caNCIAS INTERNACIONAIS DE GEST\u00c3O DE EVENTOS E CATERING.<\/span><\/span><\/span><\/span><\/p>\n<p>O curso de Doutorado oferecido \u00e9 o de PH.D. EM HOSPITALIDADE\/HOTELARIA E TURISMO.<\/p>\n<p>Os alunos do IMULTI interessados poder\u00e3o obter bolsa de estudo de 30% a 70% e isen\u00e7\u00e3o total de taxa de matr\u00edcula. Informe-se atrav\u00e9s dos e-mails: imulti@imulti.com.br ou coimbra@solbridge.ac.kr<\/p>\n<p>&nbsp;<\/p>\n<p><a href=\"http:\/\/www.imulti.com.br\/site2016\/wp-content\/uploads\/2017\/04\/solbridge-logo-610x300-1.jpg\" rel=\"attachment wp-att-795\"><img loading=\"lazy\" class=\"spotlight\" alt=\"Nenhuma descri\u00e7\u00e3o de foto dispon\u00edvel.\" aria-busy=\"false\" src=\"https:\/\/scontent.fcgh4-1.fna.fbcdn.net\/v\/t1.0-9\/17903340_740888659417298_6555034619946729364_n.png?_nc_cat=103&amp;ccb=2&amp;_nc_sid=7aed08&amp;_nc_ohc=qrJmlOBKttgAX-ZHqo9&amp;_nc_ht=scontent.fcgh4-1.fna&amp;oh=865072f7a12faa66ad305c2c3fd5213f&amp;oe=5FD6AF7A\" width=\"170\" height=\"170\" \/><\/a>Endicott College of International Studies<\/p>\n<p>https:\/\/www.endicott.ac.kr:447\/main\/index.jsp<\/p>\n<p>&nbsp;<\/p>\n","protected":false},"excerpt":{"rendered":"<p>Endicott College O IMULTI tem parceria com a &#8220;SOLBRIDGE &#8211; International School of Bussiness&#8221;, o &#8220;SIS &#8211; Sol International School&#8221; e o &#8220;Endicott College of International Studies&#8221;, que fazem parte [&hellip;]<\/p>\n","protected":false},"author":3,"featured_media":0,"parent":0,"menu_order":0,"comment_status":"closed","ping_status":"closed","template":"","meta":{"_mi_skip_tracking":false,"_exactmetrics_sitenote_active":false,"_exactmetrics_sitenote_note":"","_exactmetrics_sitenote_category":0},"_links":{"self":[{"href":"https:\/\/www.imulti.com.br\/site2016\/wp-json\/wp\/v2\/pages\/792"}],"collection":[{"href":"https:\/\/www.imulti.com.br\/site2016\/wp-json\/wp\/v2\/pages"}],"about":[{"href":"https:\/\/www.imulti.com.br\/site2016\/wp-json\/wp\/v2\/types\/page"}],"author":[{"embeddable":true,"href":"https:\/\/www.imulti.com.br\/site2016\/wp-json\/wp\/v2\/users\/3"}],"replies":[{"embeddable":true,"href":"https:\/\/www.imulti.com.br\/site2016\/wp-json\/wp\/v2\/comments?post=792"}],"version-history":[{"count":15,"href":"https:\/\/www.imulti.com.br\/site2016\/wp-json\/wp\/v2\/pages\/792\/revisions"}],"predecessor-version":[{"id":1065,"href":"https:\/\/www.imulti.com.br\/site2016\/wp-json\/wp\/v2\/pages\/792\/revisions\/1065"}],"wp:attachment":[{"href":"https:\/\/www.imulti.com.br\/site2016\/wp-json\/wp\/v2\/media?parent=792"}],"curies":[{"name":"wp","href":"https:\/\/api.w.org\/{rel}","templated":true}]}}