{"id":742,"date":"2026-04-15T07:00:46","date_gmt":"2026-04-15T10:00:46","guid":{"rendered":"http:\/\/imulti.com.br\/?page_id=742"},"modified":"2026-04-15T07:07:07","modified_gmt":"2026-04-15T10:07:07","slug":"contato","status":"publish","type":"page","link":"https:\/\/www.imulti.com.br\/site2016\/contato\/","title":{"rendered":"Contato"},"content":{"rendered":"<p>&nbsp;<\/p>\n<table style=\"width: 571px;\" cellspacing=\"1\" cellpadding=\"1\">\n<tbody>\n<tr>\n<td style=\"width: 4px;\"><\/td>\n<td style=\"width: 34px;\"><\/td>\n<td style=\"width: 533px;\"><span style=\"color: #000000;\"><span style=\"font-size: 28px;\"><strong><\/strong><strong>Liberdade<\/strong><\/span><\/span><\/p>\n<p style=\"font-size: 13px;\"><span style=\"font-size: 14px;\"><span style=\"color: #000000;\">Rua Bar\u00e3o de Iguape, 135 &#8211; 1\u00ba andar &#8211; conj. 2<br \/>\n<span style=\"line-height: 1.6em;\">Liberdade &#8211; S\u00e3o Paulo,\u00a0SP<\/span><br \/>\n<span style=\"line-height: 1.6em;\">CEP: 01507-000<\/span><\/span><\/span><\/p>\n<p style=\"font-size: 13px;\"><span style=\"font-size: 14px;\"><span style=\"color: #000000;\"><strong><span style=\"font-size: 18px;\"><span style=\"font-size: 22px;\">\u00a0<\/span><span style=\"font-family: 'lucida grande', tahoma, verdana, arial, sans-serif; line-height: 33px; text-align: center;\"><span style=\"font-size: 22px;\">\u260f<\/span>\u00a0<\/span><span style=\"font-size: 20px;\"> (11) 4160-5450<\/span><\/span><\/strong><\/span><\/span><\/p>\n<p style=\"font-size: 13px;\"><span style=\"font-size: 14px;\"><span style=\"color: #000000;\"><strong><span style=\"font-size: 18px;\"><span style=\"font-size: 20px;\"> <a href=\"http:\/\/www.imulti.com.br\/site2016\/wp-content\/uploads\/2014\/05\/WhatsApp_Logo_1-1-e1474464875108.png\" rel=\"attachment wp-att-765\"><img loading=\"lazy\" data-id=\"765\" src=\"http:\/\/www.imulti.com.br\/site2016\/wp-content\/uploads\/2014\/05\/WhatsApp_Logo_1-1-e1474464875108.png\" alt=\"whatsapp_logo_1\" class=\"alignnone wp-image-765\" width=\"25\" height=\"25\" \/><\/a> (11) 99662-9996<\/span><\/span><\/strong><\/span><\/span><\/p>\n<p style=\"font-size: 13px;\"><span style=\"font-size: 14px;\"><span style=\"font-size: 18px;\"><\/span><strong><\/strong><span style=\"font-size: 22px;\"><span style=\"color: #000000;\">\u00a0<span style=\"font-family: 'lucida grande', tahoma, verdana, arial, sans-serif; line-height: 33px; text-align: center;\"><strong>\u2709<\/strong>\u00a0 <\/span><\/span><\/span><\/span><span style=\"font-size: 18px;\"><a href=\"mailto:atendimento@imulti.com.br\">atendimento@imulti.com.br<\/a><\/span><br \/>\n<span style=\"color: #000000;\"><span style=\"font-size: 14px;\"><span style=\"line-height: 1.6em;\">\u00a0<\/span><\/span><\/span><\/p>\n<p>&nbsp;<\/p>\n<p style=\"font-size: 13px;\">No momento o <strong>atendimento presencial<\/strong> \u00e9 de segunda-feira a sexta-feira das 8h30 \u00e0s 13h e das 14h00 \u00e0s 19h e aos s\u00e1bados das 8h30 \u00e0s 17h00. Atendemos tamb\u00e9m atrav\u00e9s dos <strong>e-mails (<a href=\"mailto:imultiliberdade@gmail.com\" target=\"_blank\" rel=\"noopener\">imultiliberdade@gmail.com<\/a> ou <a href=\"mailto:atendimento@imulti.com.br\" target=\"_blank\" rel=\"noopener\">atendimento@imulti.com.br<\/a>) ou WhatsApp (99662-9996)<\/strong>.<\/p>\n<p>&nbsp;<\/p>\n<p style=\"font-size: 13px;\">\u00a0\u00a0\u00a0\u00a0\u00a0\u00a0\u00a0\u00a0\u00a0\u00a0\u00a0\u00a0 <iframe loading=\"lazy\" width=\"400\" height=\"200\" style=\"border: 0;\" frameborder=\"0\" src=\"https:\/\/www.google.com\/maps\/embed?pb=!1m14!1m8!1m3!1d3657.2813246796554!2d-46.63565810000001!3d-23.558337599999998!3m2!1i1024!2i768!4f13.1!3m3!1m2!1s0x94ce59a61f1a5425%3A0xc6e82d1d67c6670e!2sRua+Bar%C3%A3o+de+Iguape%2C+135+-+Liberdade!5e0!3m2!1spt-BR!2s!4v1401174881478\"><\/iframe><\/p>\n<\/td>\n<\/tr>\n<\/tbody>\n<\/table>\n<p>&nbsp;<\/p>\n<p style=\"font-size: 13px;\"><a href=\"https:\/\/www.facebook.com\/IMULTI-Instituto-Multicultural-Idiomas-182545605179988\/\" target=\"_blank\" title=\"\" rel=\"noopener\"><img loading=\"lazy\" alt=\"facebook\" class=\"alignnone wp-image-266 size-full\" data-id=\"266\" src=\"http:\/\/imulti.com.br\/site2016\/wp-content\/uploads\/2014\/05\/images-25.jpeg\" width=\"36\" height=\"36\" \/><\/a><span style=\"color: #000000;\">\u00a0 \u00a0 <span style=\"font-size: 14px;\">Saiba quando novas turmas estar\u00e3o abrindo!<\/span><\/span><\/p>\n<p style=\"font-size: 13px;\"><a href=\"https:\/\/www.instagram.com\/imultioficial\/\" target=\"_blank\" rel=\"noopener\"><img loading=\"lazy\" data-id=\"985\" src=\"http:\/\/www.imulti.com.br\/site2016\/wp-content\/uploads\/2020\/02\/icone_instagram.jpg\" alt=\"\" class=\"alignnone size-full wp-image-985\" width=\"50\" height=\"50\" \/><\/a><span style=\"color: #000000;\">\u00a0 \u00a0<\/span><span style=\"color: #000000;\"><span style=\"font-size: 14px;\">Acompanhe novidades no Instagram!<\/span><\/span><\/p>\n<p><span>\u00a0\u00a0\u00a0\u00a0\u00a0\u00a0\u00a0\u00a0\u00a0\u00a0\u00a0\u00a0\u00a0\u00a0\u00a0\u00a0\u00a0\u00a0\u00a0\u00a0\u00a0\u00a0\u00a0\u00a0\u00a0\u00a0\u00a0\u00a0\u00a0\u00a0\u00a0\u00a0\u00a0\u00a0\u00a0\u00a0\u00a0\u00a0\u00a0\u00a0\u00a0\u00a0\u00a0\u00a0\u00a0\u00a0\u00a0\u00a0\u00a0\u00a0\u00a0\u00a0\u00a0\u00a0\u00a0\u00a0\u00a0\u00a0\u00a0\u00a0\u00a0\u00a0\u00a0\u00a0\u00a0\u00a0\u00a0\u00a0\u00a0\u00a0\u00a0\u00a0\u00a0\u00a0\u00a0\u00a0\u00a0\u00a0\u00a0\u00a0\u00a0\u00a0\u00a0\u00a0\u00a0\u00a0\u00a0\u00a0\u00a0\u00a0\u00a0\u00a0\u00a0\u00a0\u00a0\u00a0\u00a0\u00a0\u00a0\u00a0\u00a0\u00a0\u00a0\u00a0\u00a0\u00a0\u00a0\u00a0\u00a0\u00a0\u00a0\u00a0\u00a0\u00a0\u00a0\u00a0\u00a0\u00a0\u00a0\u00a0\u00a0\u00a0\u00a0\u00a0\u00a0\u00a0\u00a0\u00a0\u00a0\u00a0\u00a0\u00a0\u00a0\u00a0\u00a0\u00a0\u00a0\u00a0\u00a0\u00a0\u00a0\u00a0\u00a0\u00a0\u00a0\u00a0\u00a0\u00a0\u00a0\u00a0\u00a0\u00a0\u00a0\u00a0\u00a0\u00a0\u00a0\u00a0\u00a0\u00a0\u00a0\u00a0\u00a0\u00a0\u00a0\u00a0\u00a0\u00a0\u00a0\u00a0\u00a0\u00a0\u00a0\u00a0\u00a0\u00a0\u00a0\u00a0\u00a0\u00a0\u00a0\u00a0\u00a0 Acompanhe novidades no <strong>X<\/strong>!<\/span><\/p>\n","protected":false},"excerpt":{"rendered":"<p>&nbsp; Liberdade Rua Bar\u00e3o de Iguape, 135 &#8211; 1\u00ba andar &#8211; conj. 2 Liberdade &#8211; S\u00e3o Paulo,\u00a0SP CEP: 01507-000 \u00a0\u260f\u00a0 (11) 4160-5450 (11) 99662-9996 \u00a0\u2709\u00a0 atendimento@imulti.com.br \u00a0 &nbsp; No momento [&hellip;]<\/p>\n","protected":false},"author":1,"featured_media":0,"parent":0,"menu_order":0,"comment_status":"closed","ping_status":"closed","template":"template-fullwidth.php","meta":{"_mi_skip_tracking":false,"_exactmetrics_sitenote_active":false,"_exactmetrics_sitenote_note":"","_exactmetrics_sitenote_category":0},"_links":{"self":[{"href":"https:\/\/www.imulti.com.br\/site2016\/wp-json\/wp\/v2\/pages\/742"}],"collection":[{"href":"https:\/\/www.imulti.com.br\/site2016\/wp-json\/wp\/v2\/pages"}],"about":[{"href":"https:\/\/www.imulti.com.br\/site2016\/wp-json\/wp\/v2\/types\/page"}],"author":[{"embeddable":true,"href":"https:\/\/www.imulti.com.br\/site2016\/wp-json\/wp\/v2\/users\/1"}],"replies":[{"embeddable":true,"href":"https:\/\/www.imulti.com.br\/site2016\/wp-json\/wp\/v2\/comments?post=742"}],"version-history":[{"count":53,"href":"https:\/\/www.imulti.com.br\/site2016\/wp-json\/wp\/v2\/pages\/742\/revisions"}],"predecessor-version":[{"id":1384,"href":"https:\/\/www.imulti.com.br\/site2016\/wp-json\/wp\/v2\/pages\/742\/revisions\/1384"}],"wp:attachment":[{"href":"https:\/\/www.imulti.com.br\/site2016\/wp-json\/wp\/v2\/media?parent=742"}],"curies":[{"name":"wp","href":"https:\/\/api.w.org\/{rel}","templated":true}]}}