{"id":20,"date":"2014-05-12T21:33:12","date_gmt":"2014-05-12T21:33:12","guid":{"rendered":"http:\/\/imulti.com.br\/site2015\/?p=20"},"modified":"2020-02-04T21:07:23","modified_gmt":"2020-02-05T00:07:23","slug":"o-instituto","status":"publish","type":"page","link":"https:\/\/www.imulti.com.br\/site2016\/o-instituto\/","title":{"rendered":"O Instituto"},"content":{"rendered":"<p style=\"font-size: 13px; text-align: justify;\"><img loading=\"lazy\" alt=\"front4\" class=\"size-full wp-image-214 alignright\" data-id=\"214\" src=\"http:\/\/imulti.com.br\/site2016\/wp-content\/uploads\/2014\/05\/front4.png\" style=\"margin-left: 30px; margin-right: 30px;\" title=\"\" width=\"276\" height=\"207\" srcset=\"https:\/\/www.imulti.com.br\/site2016\/wp-content\/uploads\/2014\/05\/front4.png 276w, https:\/\/www.imulti.com.br\/site2016\/wp-content\/uploads\/2014\/05\/front4-73x55.png 73w\" sizes=\"(max-width: 276px) 100vw, 276px\" \/><span style=\"font-size: 14px;\"><span style=\"color: #000000;\">O\u00a0<strong>IMULTI &#8211; Instituto Multicultural &amp; Idiomas<\/strong>\u00a0atua desde 1999 no ensino de idiomas e na presta\u00e7\u00e3o de servi\u00e7os de tradu\u00e7\u00e3o e vers\u00e3o.\u00a0Como adicional,\u00a0oferecemos programas de interc\u00e2mbio, workshops, exposi\u00e7\u00f5es e cursos voltados \u00e0s diversidades culturais dos pa\u00edses.\u00a0\u2028<\/span><\/span><\/p>\n<p style=\"font-size: 13px; text-align: justify;\"><span style=\"font-size: 14px;\"><span style=\"color: #000000;\">Todos os cursos oferecidos pelo nosso instituto apresentam\u00a0excelente rela\u00e7\u00e3o custo-benef\u00edcio e\u00a0atendimento personalizado. Somos especializados no ensino dos principais idiomas falados na atualidade, de modo a atender \u00e0 crescente demanda e\u00a0necessidade da comunica\u00e7\u00e3o global.<\/span><\/span><\/p>\n<p style=\"font-size: 13px; text-align: justify;\"><span style=\"font-size: 14px;\"><span style=\"color: #000000;\">Buscamos permanentemente o aperfei\u00e7oamento cont\u00ednuo de nossos m\u00e9todos de ensino e processos administrativos.\u2028<\/span><\/span><\/p>\n<h3 style=\"font-size: 13px;\"><span style=\"line-height: 1.2em; text-align: center;\">\u00a0<\/span><\/h3>\n<table style=\"width: 580px;\" cellspacing=\"1\" cellpadding=\"1\" align=\"center\">\n<tbody>\n<tr>\n<td>\n<h4 style=\"text-align: center;\"><span style=\"color: #000080;\"><strong>Nossa Miss\u00e3o<\/strong><\/span><\/h4>\n<p style=\"text-align: center;\"><span style=\"font-size: 14px;\"><span style=\"color: #000000;\">Prestar excel\u00eancia em servi\u00e7os de ensino de idiomas, tradu\u00e7\u00e3o e vers\u00e3o, al\u00e9m de consultoria e assessoria educacional em enfoque multicultural, proporcionando a melhor experi\u00eancia poss\u00edvel no estudo e aquisi\u00e7\u00e3o de idiomas e nos demais cursos oferecidos, atrav\u00e9s de um atendimento personalizado e eficiente.\u2028<\/span><\/span><\/td>\n<\/tr>\n<tr>\n<td>\n<h4 style=\"text-align: center;\"><span style=\"color: #000080;\"><strong>Nossos valores<\/strong><\/span><\/h4>\n<p style=\"text-align: center;\"><span style=\"font-size: 14px;\"><span style=\"color: #000000;\">\u00c9tica Profissional<\/span><\/span><\/p>\n<p style=\"text-align: center;\"><span style=\"font-size: 14px;\"><span style=\"color: #000000;\">Respeito ao pr\u00f3ximo<\/span><\/span><\/p>\n<p style=\"text-align: center;\"><span style=\"font-size: 14px;\"><span style=\"color: #000000;\">Estar sempre dispon\u00edvel e ser pr\u00f3-ativo<\/span><\/span><\/p>\n<\/td>\n<\/tr>\n<\/tbody>\n<\/table>\n<p>&nbsp;<\/p>\n<div>\n<h4><strong>Fotos da escola &#8211; Unidade Liberdade<\/strong><\/h4>\n<\/div>\n<div style=\"text-align: center;\">\n\n\t\t<style type=\"text\/css\">\n\t\t\t#gallery-1 {\n\t\t\t\tmargin: auto;\n\t\t\t}\n\t\t\t#gallery-1 .gallery-item {\n\t\t\t\tfloat: left;\n\t\t\t\tmargin-top: 10px;\n\t\t\t\ttext-align: center;\n\t\t\t\twidth: 25%;\n\t\t\t}\n\t\t\t#gallery-1 img {\n\t\t\t\tborder: 2px solid #cfcfcf;\n\t\t\t}\n\t\t\t#gallery-1 .gallery-caption {\n\t\t\t\tmargin-left: 0;\n\t\t\t}\n\t\t\t\/* see gallery_shortcode() in wp-includes\/media.php *\/\n\t\t<\/style>\n\t\t<div id='gallery-1' class='gallery galleryid-20 gallery-columns-4 gallery-size-thumbnail'><dl class='gallery-item'>\n\t\t\t<dt class='gallery-icon portrait'>\n\t\t\t\t<a href='https:\/\/www.imulti.com.br\/site2016\/o-instituto\/imulti-07\/'><img width=\"150\" height=\"150\" src=\"https:\/\/www.imulti.com.br\/site2016\/wp-content\/uploads\/2014\/05\/imulti-07-150x150.jpg\" class=\"attachment-thumbnail size-thumbnail\" alt=\"\" loading=\"lazy\" aria-describedby=\"gallery-1-98\" \/><\/a>\n\t\t\t<\/dt>\n\t\t\t\t<dd class='wp-caption-text gallery-caption' id='gallery-1-98'>\n\t\t\t\tSala de espera\n\t\t\t\t<\/dd><\/dl><dl class='gallery-item'>\n\t\t\t<dt class='gallery-icon landscape'>\n\t\t\t\t<a href='https:\/\/www.imulti.com.br\/site2016\/o-instituto\/unid-liba-01\/'><img width=\"150\" height=\"150\" src=\"https:\/\/www.imulti.com.br\/site2016\/wp-content\/uploads\/2014\/05\/unid-liba-01-150x150.jpg\" class=\"attachment-thumbnail size-thumbnail\" alt=\"\" loading=\"lazy\" aria-describedby=\"gallery-1-493\" \/><\/a>\n\t\t\t<\/dt>\n\t\t\t\t<dd class='wp-caption-text gallery-caption' id='gallery-1-493'>\n\t\t\t\tSala de espera\n\t\t\t\t<\/dd><\/dl><dl class='gallery-item'>\n\t\t\t<dt class='gallery-icon landscape'>\n\t\t\t\t<a href='https:\/\/www.imulti.com.br\/site2016\/o-instituto\/imulti-02\/'><img width=\"150\" height=\"150\" src=\"https:\/\/www.imulti.com.br\/site2016\/wp-content\/uploads\/2014\/05\/imulti-02-150x150.jpg\" class=\"attachment-thumbnail size-thumbnail\" alt=\"\" loading=\"lazy\" aria-describedby=\"gallery-1-93\" \/><\/a>\n\t\t\t<\/dt>\n\t\t\t\t<dd class='wp-caption-text gallery-caption' id='gallery-1-93'>\n\t\t\t\tSecretaria\n\t\t\t\t<\/dd><\/dl><dl class='gallery-item'>\n\t\t\t<dt class='gallery-icon landscape'>\n\t\t\t\t<a href='https:\/\/www.imulti.com.br\/site2016\/o-instituto\/unid-liba-03\/'><img width=\"150\" height=\"150\" src=\"https:\/\/www.imulti.com.br\/site2016\/wp-content\/uploads\/2014\/05\/unid-liba-03-150x150.jpg\" class=\"attachment-thumbnail size-thumbnail\" alt=\"\" loading=\"lazy\" aria-describedby=\"gallery-1-495\" \/><\/a>\n\t\t\t<\/dt>\n\t\t\t\t<dd class='wp-caption-text gallery-caption' id='gallery-1-495'>\n\t\t\t\tCorredor\n\t\t\t\t<\/dd><\/dl><br style=\"clear: both\" \/><dl class='gallery-item'>\n\t\t\t<dt class='gallery-icon landscape'>\n\t\t\t\t<a href='https:\/\/www.imulti.com.br\/site2016\/o-instituto\/unid-liba-02\/'><img width=\"150\" height=\"150\" src=\"https:\/\/www.imulti.com.br\/site2016\/wp-content\/uploads\/2014\/05\/unid-liba-02-150x150.jpg\" class=\"attachment-thumbnail size-thumbnail\" alt=\"\" loading=\"lazy\" aria-describedby=\"gallery-1-494\" \/><\/a>\n\t\t\t<\/dt>\n\t\t\t\t<dd class='wp-caption-text gallery-caption' id='gallery-1-494'>\n\t\t\t\tSala de aula\n\t\t\t\t<\/dd><\/dl><dl class='gallery-item'>\n\t\t\t<dt class='gallery-icon landscape'>\n\t\t\t\t<a href='https:\/\/www.imulti.com.br\/site2016\/o-instituto\/imulti-06\/'><img width=\"150\" height=\"150\" src=\"https:\/\/www.imulti.com.br\/site2016\/wp-content\/uploads\/2014\/05\/imulti-06-150x150.jpg\" class=\"attachment-thumbnail size-thumbnail\" alt=\"\" loading=\"lazy\" aria-describedby=\"gallery-1-97\" \/><\/a>\n\t\t\t<\/dt>\n\t\t\t\t<dd class='wp-caption-text gallery-caption' id='gallery-1-97'>\n\t\t\t\tSala de aula\n\t\t\t\t<\/dd><\/dl><dl class='gallery-item'>\n\t\t\t<dt class='gallery-icon landscape'>\n\t\t\t\t<a href='https:\/\/www.imulti.com.br\/site2016\/o-instituto\/imulti-01\/'><img width=\"150\" height=\"150\" src=\"https:\/\/www.imulti.com.br\/site2016\/wp-content\/uploads\/2014\/05\/imulti-01-150x150.jpg\" class=\"attachment-thumbnail size-thumbnail\" alt=\"\" loading=\"lazy\" aria-describedby=\"gallery-1-92\" \/><\/a>\n\t\t\t<\/dt>\n\t\t\t\t<dd class='wp-caption-text gallery-caption' id='gallery-1-92'>\n\t\t\t\tSala de aula\n\t\t\t\t<\/dd><\/dl><dl class='gallery-item'>\n\t\t\t<dt class='gallery-icon landscape'>\n\t\t\t\t<a href='https:\/\/www.imulti.com.br\/site2016\/o-instituto\/imulti-03\/'><img width=\"150\" height=\"150\" src=\"https:\/\/www.imulti.com.br\/site2016\/wp-content\/uploads\/2014\/05\/imulti-03-150x150.jpg\" class=\"attachment-thumbnail size-thumbnail\" alt=\"\" loading=\"lazy\" aria-describedby=\"gallery-1-94\" \/><\/a>\n\t\t\t<\/dt>\n\t\t\t\t<dd class='wp-caption-text gallery-caption' id='gallery-1-94'>\n\t\t\t\tSala de aula\n\t\t\t\t<\/dd><\/dl><br style=\"clear: both\" \/>\n\t\t<\/div>\n\n<\/div>\n<div style=\"text-align: center;\"><\/div>\n","protected":false},"excerpt":{"rendered":"<p>O\u00a0IMULTI &#8211; Instituto Multicultural &amp; Idiomas\u00a0atua desde 1999 no ensino de idiomas e na presta\u00e7\u00e3o de servi\u00e7os de tradu\u00e7\u00e3o e vers\u00e3o.\u00a0Como adicional,\u00a0oferecemos programas de interc\u00e2mbio, workshops, exposi\u00e7\u00f5es e cursos voltados [&hellip;]<\/p>\n","protected":false},"author":1,"featured_media":0,"parent":0,"menu_order":0,"comment_status":"open","ping_status":"closed","template":"template-fullwidth.php","meta":{"_mi_skip_tracking":false,"_exactmetrics_sitenote_active":false,"_exactmetrics_sitenote_note":"","_exactmetrics_sitenote_category":0},"_links":{"self":[{"href":"https:\/\/www.imulti.com.br\/site2016\/wp-json\/wp\/v2\/pages\/20"}],"collection":[{"href":"https:\/\/www.imulti.com.br\/site2016\/wp-json\/wp\/v2\/pages"}],"about":[{"href":"https:\/\/www.imulti.com.br\/site2016\/wp-json\/wp\/v2\/types\/page"}],"author":[{"embeddable":true,"href":"https:\/\/www.imulti.com.br\/site2016\/wp-json\/wp\/v2\/users\/1"}],"replies":[{"embeddable":true,"href":"https:\/\/www.imulti.com.br\/site2016\/wp-json\/wp\/v2\/comments?post=20"}],"version-history":[{"count":52,"href":"https:\/\/www.imulti.com.br\/site2016\/wp-json\/wp\/v2\/pages\/20\/revisions"}],"predecessor-version":[{"id":993,"href":"https:\/\/www.imulti.com.br\/site2016\/wp-json\/wp\/v2\/pages\/20\/revisions\/993"}],"wp:attachment":[{"href":"https:\/\/www.imulti.com.br\/site2016\/wp-json\/wp\/v2\/media?parent=20"}],"curies":[{"name":"wp","href":"https:\/\/api.w.org\/{rel}","templated":true}]}}